{"id":3720,"date":"2015-03-31T10:26:01","date_gmt":"2015-03-31T10:26:01","guid":{"rendered":"http:\/\/themes.goodlayers2.com\/hotelmaster\/?page_id=3720"},"modified":"2026-02-13T17:30:04","modified_gmt":"2026-02-13T16:30:04","slug":"homepage","status":"publish","type":"page","link":"https:\/\/wwwk8.lestilleulsetretat.com\/en\/","title":{"rendered":"Home"},"content":{"rendered":"","protected":false},"excerpt":{"rendered":"","protected":false},"author":1,"featured_media":0,"parent":0,"menu_order":0,"comment_status":"closed","ping_status":"closed","template":"","meta":{"footnotes":""},"class_list":["post-3720","page","type-page","status-publish","hentry"],"yoast_head":"<!-- This site is optimized with the Yoast SEO plugin v27.4 - https:\/\/yoast.com\/product\/yoast-seo-wordpress\/ -->\n<title>Home - Les Tilleuls Etretat<\/title>\n<meta name=\"description\" content=\"Les Tilleuls est un h\u00f4tel particulier de 1738 dans une maison bourgeoise du Second Empire. Ce lieu privil\u00e9gi\u00e9 est situ\u00e9 dans un nid de verdure en plein c\u0153ur d\u2019Etretat \u00e0 300 m\u00e8tres des falaises.\" \/>\n<meta name=\"robots\" content=\"index, follow, max-snippet:-1, max-image-preview:large, max-video-preview:-1\" \/>\n<link rel=\"canonical\" href=\"https:\/\/wwwk8.lestilleulsetretat.com\/en\/\" \/>\n<meta property=\"og:locale\" content=\"en_GB\" \/>\n<meta property=\"og:type\" content=\"article\" \/>\n<meta property=\"og:title\" content=\"Home - Les Tilleuls Etretat\" \/>\n<meta property=\"og:description\" content=\"Les Tilleuls est un h\u00f4tel particulier de 1738 dans une maison bourgeoise du Second Empire. Ce lieu privil\u00e9gi\u00e9 est situ\u00e9 dans un nid de verdure en plein c\u0153ur d\u2019Etretat \u00e0 300 m\u00e8tres des falaises.\" \/>\n<meta property=\"og:url\" content=\"https:\/\/wwwk8.lestilleulsetretat.com\/en\/\" \/>\n<meta property=\"og:site_name\" content=\"Les Tilleuls Etretat\" \/>\n<meta property=\"article:publisher\" content=\"https:\/\/www.facebook.com\/lestilleuls.etretat\" \/>\n<meta property=\"article:modified_time\" content=\"2026-02-13T16:30:04+00:00\" \/>\n<meta name=\"twitter:card\" content=\"summary_large_image\" \/>\n<script type=\"application\/ld+json\" class=\"yoast-schema-graph\">{\"@context\":\"https:\\\/\\\/schema.org\",\"@graph\":[{\"@type\":\"WebPage\",\"@id\":\"https:\\\/\\\/wwwk8.lestilleulsetretat.com\\\/\",\"url\":\"https:\\\/\\\/wwwk8.lestilleulsetretat.com\\\/\",\"name\":\"Home - Les Tilleuls Etretat\",\"isPartOf\":{\"@id\":\"https:\\\/\\\/wwwk8.lestilleulsetretat.com\\\/#website\"},\"datePublished\":\"2015-03-31T10:26:01+00:00\",\"dateModified\":\"2026-02-13T16:30:04+00:00\",\"description\":\"Les Tilleuls est un h\u00f4tel particulier de 1738 dans une maison bourgeoise du Second Empire. Ce lieu privil\u00e9gi\u00e9 est situ\u00e9 dans un nid de verdure en plein c\u0153ur d\u2019Etretat \u00e0 300 m\u00e8tres des falaises.\",\"breadcrumb\":{\"@id\":\"https:\\\/\\\/wwwk8.lestilleulsetretat.com\\\/#breadcrumb\"},\"inLanguage\":\"en-GB\",\"potentialAction\":[{\"@type\":\"ReadAction\",\"target\":[\"https:\\\/\\\/wwwk8.lestilleulsetretat.com\\\/\"]}]},{\"@type\":\"BreadcrumbList\",\"@id\":\"https:\\\/\\\/wwwk8.lestilleulsetretat.com\\\/#breadcrumb\",\"itemListElement\":[{\"@type\":\"ListItem\",\"position\":1,\"name\":\"Home\",\"item\":\"https:\\\/\\\/wwwk8.lestilleulsetretat.com\\\/\"},{\"@type\":\"ListItem\",\"position\":2,\"name\":\"Home\"}]},{\"@type\":\"WebSite\",\"@id\":\"https:\\\/\\\/wwwk8.lestilleulsetretat.com\\\/#website\",\"url\":\"https:\\\/\\\/wwwk8.lestilleulsetretat.com\\\/\",\"name\":\"Les Tilleuls Etretat\",\"description\":\"Les Tilleuls - H\u00f4tel Particulier\",\"potentialAction\":[{\"@type\":\"SearchAction\",\"target\":{\"@type\":\"EntryPoint\",\"urlTemplate\":\"https:\\\/\\\/wwwk8.lestilleulsetretat.com\\\/?s={search_term_string}\"},\"query-input\":{\"@type\":\"PropertyValueSpecification\",\"valueRequired\":true,\"valueName\":\"search_term_string\"}}],\"inLanguage\":\"en-GB\"}]}<\/script>\n<!-- \/ Yoast SEO plugin. -->","yoast_head_json":{"title":"Home - Les Tilleuls Etretat","description":"Les Tilleuls est un h\u00f4tel particulier de 1738 dans une maison bourgeoise du Second Empire. Ce lieu privil\u00e9gi\u00e9 est situ\u00e9 dans un nid de verdure en plein c\u0153ur d\u2019Etretat \u00e0 300 m\u00e8tres des falaises.","robots":{"index":"index","follow":"follow","max-snippet":"max-snippet:-1","max-image-preview":"max-image-preview:large","max-video-preview":"max-video-preview:-1"},"canonical":"https:\/\/wwwk8.lestilleulsetretat.com\/en\/","og_locale":"en_GB","og_type":"article","og_title":"Home - Les Tilleuls Etretat","og_description":"Les Tilleuls est un h\u00f4tel particulier de 1738 dans une maison bourgeoise du Second Empire. Ce lieu privil\u00e9gi\u00e9 est situ\u00e9 dans un nid de verdure en plein c\u0153ur d\u2019Etretat \u00e0 300 m\u00e8tres des falaises.","og_url":"https:\/\/wwwk8.lestilleulsetretat.com\/en\/","og_site_name":"Les Tilleuls Etretat","article_publisher":"https:\/\/www.facebook.com\/lestilleuls.etretat","article_modified_time":"2026-02-13T16:30:04+00:00","twitter_card":"summary_large_image","schema":{"@context":"https:\/\/schema.org","@graph":[{"@type":"WebPage","@id":"https:\/\/wwwk8.lestilleulsetretat.com\/","url":"https:\/\/wwwk8.lestilleulsetretat.com\/","name":"Home - Les Tilleuls Etretat","isPartOf":{"@id":"https:\/\/wwwk8.lestilleulsetretat.com\/#website"},"datePublished":"2015-03-31T10:26:01+00:00","dateModified":"2026-02-13T16:30:04+00:00","description":"Les Tilleuls est un h\u00f4tel particulier de 1738 dans une maison bourgeoise du Second Empire. Ce lieu privil\u00e9gi\u00e9 est situ\u00e9 dans un nid de verdure en plein c\u0153ur d\u2019Etretat \u00e0 300 m\u00e8tres des falaises.","breadcrumb":{"@id":"https:\/\/wwwk8.lestilleulsetretat.com\/#breadcrumb"},"inLanguage":"en-GB","potentialAction":[{"@type":"ReadAction","target":["https:\/\/wwwk8.lestilleulsetretat.com\/"]}]},{"@type":"BreadcrumbList","@id":"https:\/\/wwwk8.lestilleulsetretat.com\/#breadcrumb","itemListElement":[{"@type":"ListItem","position":1,"name":"Home","item":"https:\/\/wwwk8.lestilleulsetretat.com\/"},{"@type":"ListItem","position":2,"name":"Home"}]},{"@type":"WebSite","@id":"https:\/\/wwwk8.lestilleulsetretat.com\/#website","url":"https:\/\/wwwk8.lestilleulsetretat.com\/","name":"Les Tilleuls Etretat","description":"Les Tilleuls - H\u00f4tel Particulier","potentialAction":[{"@type":"SearchAction","target":{"@type":"EntryPoint","urlTemplate":"https:\/\/wwwk8.lestilleulsetretat.com\/?s={search_term_string}"},"query-input":{"@type":"PropertyValueSpecification","valueRequired":true,"valueName":"search_term_string"}}],"inLanguage":"en-GB"}]}},"_links":{"self":[{"href":"https:\/\/wwwk8.lestilleulsetretat.com\/en\/wp-json\/wp\/v2\/pages\/3720","targetHints":{"allow":["GET"]}}],"collection":[{"href":"https:\/\/wwwk8.lestilleulsetretat.com\/en\/wp-json\/wp\/v2\/pages"}],"about":[{"href":"https:\/\/wwwk8.lestilleulsetretat.com\/en\/wp-json\/wp\/v2\/types\/page"}],"author":[{"embeddable":true,"href":"https:\/\/wwwk8.lestilleulsetretat.com\/en\/wp-json\/wp\/v2\/users\/1"}],"replies":[{"embeddable":true,"href":"https:\/\/wwwk8.lestilleulsetretat.com\/en\/wp-json\/wp\/v2\/comments?post=3720"}],"version-history":[{"count":12,"href":"https:\/\/wwwk8.lestilleulsetretat.com\/en\/wp-json\/wp\/v2\/pages\/3720\/revisions"}],"predecessor-version":[{"id":6235,"href":"https:\/\/wwwk8.lestilleulsetretat.com\/en\/wp-json\/wp\/v2\/pages\/3720\/revisions\/6235"}],"wp:attachment":[{"href":"https:\/\/wwwk8.lestilleulsetretat.com\/en\/wp-json\/wp\/v2\/media?parent=3720"}],"curies":[{"name":"wp","href":"https:\/\/api.w.org\/{rel}","templated":true}]}}