{"id":6163,"date":"2026-02-07T12:11:08","date_gmt":"2026-02-07T11:11:08","guid":{"rendered":"https:\/\/lestilleulsetretat.com\/?page_id=6163"},"modified":"2026-02-07T13:51:45","modified_gmt":"2026-02-07T12:51:45","slug":"wellness","status":"publish","type":"page","link":"https:\/\/wwwk8.lestilleulsetretat.com\/en\/wellness\/","title":{"rendered":"Wellness"},"content":{"rendered":"","protected":false},"excerpt":{"rendered":"","protected":false},"author":1,"featured_media":0,"parent":0,"menu_order":0,"comment_status":"closed","ping_status":"closed","template":"","meta":{"footnotes":""},"class_list":["post-6163","page","type-page","status-publish","hentry"],"yoast_head":"<!-- This site is optimized with the Yoast SEO plugin v27.4 - https:\/\/yoast.com\/product\/yoast-seo-wordpress\/ -->\n<title>Wellness - Les Tilleuls Etretat<\/title>\n<meta name=\"description\" content=\"Les Tilleuls est un h\u00f4tel particulier de 1738 dans une maison bourgeoise du Second Empire. Ce lieu privil\u00e9gi\u00e9 est situ\u00e9e dans un nid de verdure en plein c\u0153ur d\u2019Etretat \u00e0 300 m\u00e8tres des falaises.\" \/>\n<meta name=\"robots\" content=\"index, follow, max-snippet:-1, max-image-preview:large, max-video-preview:-1\" \/>\n<link rel=\"canonical\" href=\"https:\/\/wwwk8.lestilleulsetretat.com\/en\/wellness\/\" \/>\n<meta property=\"og:locale\" content=\"en_GB\" \/>\n<meta property=\"og:type\" content=\"article\" \/>\n<meta property=\"og:title\" content=\"Wellness - Les Tilleuls Etretat\" \/>\n<meta property=\"og:description\" content=\"Les Tilleuls est un h\u00f4tel particulier de 1738 dans une maison bourgeoise du Second Empire. Ce lieu privil\u00e9gi\u00e9 est situ\u00e9e dans un nid de verdure en plein c\u0153ur d\u2019Etretat \u00e0 300 m\u00e8tres des falaises.\" \/>\n<meta property=\"og:url\" content=\"https:\/\/wwwk8.lestilleulsetretat.com\/en\/wellness\/\" \/>\n<meta property=\"og:site_name\" content=\"Les Tilleuls Etretat\" \/>\n<meta property=\"article:publisher\" content=\"https:\/\/www.facebook.com\/lestilleuls.etretat\" \/>\n<meta property=\"article:modified_time\" content=\"2026-02-07T12:51:45+00:00\" \/>\n<meta name=\"twitter:card\" content=\"summary_large_image\" \/>\n<script type=\"application\/ld+json\" class=\"yoast-schema-graph\">{\"@context\":\"https:\\\/\\\/schema.org\",\"@graph\":[{\"@type\":\"WebPage\",\"@id\":\"https:\\\/\\\/wwwk8.lestilleulsetretat.com\\\/wellness\\\/\",\"url\":\"https:\\\/\\\/wwwk8.lestilleulsetretat.com\\\/wellness\\\/\",\"name\":\"Wellness - Les Tilleuls Etretat\",\"isPartOf\":{\"@id\":\"https:\\\/\\\/wwwk8.lestilleulsetretat.com\\\/#website\"},\"datePublished\":\"2026-02-07T11:11:08+00:00\",\"dateModified\":\"2026-02-07T12:51:45+00:00\",\"description\":\"Les Tilleuls est un h\u00f4tel particulier de 1738 dans une maison bourgeoise du Second Empire. Ce lieu privil\u00e9gi\u00e9 est situ\u00e9e dans un nid de verdure en plein c\u0153ur d\u2019Etretat \u00e0 300 m\u00e8tres des falaises.\",\"breadcrumb\":{\"@id\":\"https:\\\/\\\/wwwk8.lestilleulsetretat.com\\\/wellness\\\/#breadcrumb\"},\"inLanguage\":\"en-GB\",\"potentialAction\":[{\"@type\":\"ReadAction\",\"target\":[\"https:\\\/\\\/wwwk8.lestilleulsetretat.com\\\/wellness\\\/\"]}]},{\"@type\":\"BreadcrumbList\",\"@id\":\"https:\\\/\\\/wwwk8.lestilleulsetretat.com\\\/wellness\\\/#breadcrumb\",\"itemListElement\":[{\"@type\":\"ListItem\",\"position\":1,\"name\":\"Home\",\"item\":\"https:\\\/\\\/wwwk8.lestilleulsetretat.com\\\/\"},{\"@type\":\"ListItem\",\"position\":2,\"name\":\"Wellness\"}]},{\"@type\":\"WebSite\",\"@id\":\"https:\\\/\\\/wwwk8.lestilleulsetretat.com\\\/#website\",\"url\":\"https:\\\/\\\/wwwk8.lestilleulsetretat.com\\\/\",\"name\":\"Les Tilleuls Etretat\",\"description\":\"Les Tilleuls - H\u00f4tel Particulier\",\"potentialAction\":[{\"@type\":\"SearchAction\",\"target\":{\"@type\":\"EntryPoint\",\"urlTemplate\":\"https:\\\/\\\/wwwk8.lestilleulsetretat.com\\\/?s={search_term_string}\"},\"query-input\":{\"@type\":\"PropertyValueSpecification\",\"valueRequired\":true,\"valueName\":\"search_term_string\"}}],\"inLanguage\":\"en-GB\"}]}<\/script>\n<!-- \/ Yoast SEO plugin. -->","yoast_head_json":{"title":"Wellness - Les Tilleuls Etretat","description":"The h\u00f4tel particulier Les Tilleuls is a traditional bourgeois house. Built in 1738, this unique place is a haven of peace in the heart of Etretat, 300 meters from the cliffs.","robots":{"index":"index","follow":"follow","max-snippet":"max-snippet:-1","max-image-preview":"max-image-preview:large","max-video-preview":"max-video-preview:-1"},"canonical":"https:\/\/wwwk8.lestilleulsetretat.com\/en\/wellness\/","og_locale":"en_GB","og_type":"article","og_title":"Wellness - Les Tilleuls Etretat","og_description":"Les Tilleuls est un h\u00f4tel particulier de 1738 dans une maison bourgeoise du Second Empire. Ce lieu privil\u00e9gi\u00e9 est situ\u00e9e dans un nid de verdure en plein c\u0153ur d\u2019Etretat \u00e0 300 m\u00e8tres des falaises.","og_url":"https:\/\/wwwk8.lestilleulsetretat.com\/en\/wellness\/","og_site_name":"Les Tilleuls Etretat","article_publisher":"https:\/\/www.facebook.com\/lestilleuls.etretat","article_modified_time":"2026-02-07T12:51:45+00:00","twitter_card":"summary_large_image","schema":{"@context":"https:\/\/schema.org","@graph":[{"@type":"WebPage","@id":"https:\/\/wwwk8.lestilleulsetretat.com\/wellness\/","url":"https:\/\/wwwk8.lestilleulsetretat.com\/wellness\/","name":"Wellness - Les Tilleuls Etretat","isPartOf":{"@id":"https:\/\/wwwk8.lestilleulsetretat.com\/#website"},"datePublished":"2026-02-07T11:11:08+00:00","dateModified":"2026-02-07T12:51:45+00:00","description":"The h\u00f4tel particulier Les Tilleuls is a traditional bourgeois house. Built in 1738, this unique place is a haven of peace in the heart of Etretat, 300 meters from the cliffs.","breadcrumb":{"@id":"https:\/\/wwwk8.lestilleulsetretat.com\/wellness\/#breadcrumb"},"inLanguage":"en-GB","potentialAction":[{"@type":"ReadAction","target":["https:\/\/wwwk8.lestilleulsetretat.com\/wellness\/"]}]},{"@type":"BreadcrumbList","@id":"https:\/\/wwwk8.lestilleulsetretat.com\/wellness\/#breadcrumb","itemListElement":[{"@type":"ListItem","position":1,"name":"Home","item":"https:\/\/wwwk8.lestilleulsetretat.com\/"},{"@type":"ListItem","position":2,"name":"Wellness"}]},{"@type":"WebSite","@id":"https:\/\/wwwk8.lestilleulsetretat.com\/#website","url":"https:\/\/wwwk8.lestilleulsetretat.com\/","name":"Les Tilleuls Etretat","description":"Les Tilleuls - H\u00f4tel Particulier","potentialAction":[{"@type":"SearchAction","target":{"@type":"EntryPoint","urlTemplate":"https:\/\/wwwk8.lestilleulsetretat.com\/?s={search_term_string}"},"query-input":{"@type":"PropertyValueSpecification","valueRequired":true,"valueName":"search_term_string"}}],"inLanguage":"en-GB"}]}},"_links":{"self":[{"href":"https:\/\/wwwk8.lestilleulsetretat.com\/en\/wp-json\/wp\/v2\/pages\/6163","targetHints":{"allow":["GET"]}}],"collection":[{"href":"https:\/\/wwwk8.lestilleulsetretat.com\/en\/wp-json\/wp\/v2\/pages"}],"about":[{"href":"https:\/\/wwwk8.lestilleulsetretat.com\/en\/wp-json\/wp\/v2\/types\/page"}],"author":[{"embeddable":true,"href":"https:\/\/wwwk8.lestilleulsetretat.com\/en\/wp-json\/wp\/v2\/users\/1"}],"replies":[{"embeddable":true,"href":"https:\/\/wwwk8.lestilleulsetretat.com\/en\/wp-json\/wp\/v2\/comments?post=6163"}],"version-history":[{"count":10,"href":"https:\/\/wwwk8.lestilleulsetretat.com\/en\/wp-json\/wp\/v2\/pages\/6163\/revisions"}],"predecessor-version":[{"id":6204,"href":"https:\/\/wwwk8.lestilleulsetretat.com\/en\/wp-json\/wp\/v2\/pages\/6163\/revisions\/6204"}],"wp:attachment":[{"href":"https:\/\/wwwk8.lestilleulsetretat.com\/en\/wp-json\/wp\/v2\/media?parent=6163"}],"curies":[{"name":"wp","href":"https:\/\/api.w.org\/{rel}","templated":true}]}}